{"id":5868,"date":"2023-01-13T14:38:43","date_gmt":"2023-01-13T14:38:43","guid":{"rendered":"https:\/\/sad-shockley.54-36-183-106.plesk.page\/?page_id=5868"},"modified":"2025-02-11T16:07:47","modified_gmt":"2025-02-11T16:07:47","slug":"particuliers","status":"publish","type":"page","link":"https:\/\/pompeachaleur-tpc91.fr\/?page_id=5868","title":{"rendered":"Pompe \u00e0 chaleur"},"content":{"rendered":"[vc_row type=\u00a0\u00bbfull_width_background\u00a0\u00bb full_screen_row_position=\u00a0\u00bbmiddle\u00a0\u00bb column_margin=\u00a0\u00bbdefault\u00a0\u00bb column_direction=\u00a0\u00bbdefault\u00a0\u00bb column_direction_tablet=\u00a0\u00bbdefault\u00a0\u00bb column_direction_phone=\u00a0\u00bbdefault\u00a0\u00bb scene_position=\u00a0\u00bbcenter\u00a0\u00bb constrain_group_1=\u00a0\u00bbyes\u00a0\u00bb text_color=\u00a0\u00bblight\u00a0\u00bb text_align=\u00a0\u00bbleft\u00a0\u00bb row_border_radius=\u00a0\u00bbnone\u00a0\u00bb row_border_radius_applies=\u00a0\u00bbbg\u00a0\u00bb overlay_strength=\u00a0\u00bb0.3&Prime; gradient_direction=\u00a0\u00bbleft_to_right\u00a0\u00bb shape_divider_position=\u00a0\u00bbbottom\u00a0\u00bb bg_image_animation=\u00a0\u00bbnone\u00a0\u00bb shape_type=\u00a0\u00bb\u00a0\u00bb][vc_column column_padding=\u00a0\u00bbno-extra-padding\u00a0\u00bb column_padding_tablet=\u00a0\u00bbinherit\u00a0\u00bb column_padding_phone=\u00a0\u00bbinherit\u00a0\u00bb column_padding_position=\u00a0\u00bball\u00a0\u00bb column_element_spacing=\u00a0\u00bbdefault\u00a0\u00bb background_color_opacity=\u00a0\u00bb1&Prime; background_hover_color_opacity=\u00a0\u00bb1&Prime; column_shadow=\u00a0\u00bbnone\u00a0\u00bb column_border_radius=\u00a0\u00bbnone\u00a0\u00bb column_link_target=\u00a0\u00bb_self\u00a0\u00bb gradient_direction=\u00a0\u00bbleft_to_right\u00a0\u00bb overlay_strength=\u00a0\u00bb0.3&Prime; width=\u00a0\u00bb1\/1&Prime; tablet_width_inherit=\u00a0\u00bbdefault\u00a0\u00bb tablet_text_alignment=\u00a0\u00bbdefault\u00a0\u00bb phone_text_alignment=\u00a0\u00bbdefault\u00a0\u00bb bg_image_animation=\u00a0\u00bbnone\u00a0\u00bb border_type=\u00a0\u00bbsimple\u00a0\u00bb column_border_width=\u00a0\u00bbnone\u00a0\u00bb column_border_style=\u00a0\u00bbsolid\u00a0\u00bb]<style type=\"text\/css\">@media only screen and (min-width: 1300px) { #nectar-slider-instance-1, #nectar-slider-instance-1 .swiper-container { height: 650px; }  } @media only screen and (max-width: 1299px) { #nectar-slider-instance-1, #nectar-slider-instance-1 .swiper-container { height: 541.66666666667px; }  } @media only screen and (max-width: 1000px) { #nectar-slider-instance-1, #nectar-slider-instance-1 .swiper-container { height: 464.28571428571px; }  } @media only screen and (max-width: 690px) { #nectar-slider-instance-1, #nectar-slider-instance-1 .swiper-container { height: 240.74074074074px; }  } <\/style><div  data-transition=\"slide\" data-overall_style=\"classic\" data-flexible-height=\"\" data-animate-in-effect=\"zoom-out\" data-fullscreen=\"false\" data-button-sizing=\"regular\" data-button-styling=\"btn_with_count\" data-autorotate=\"\" data-parallax=\"false\" data-parallax-disable-mobile=\"\" data-caption-trans=\"fade_in_from_bottom\" data-parallax-style=\"bg_only\" data-bg-animation=\"none\" data-full-width=\"true\" class=\"nectar-slider-wrap \" id=\"nectar-slider-instance-1\"><div class=\"swiper-container\"  data-tho=\"auto\" data-tco=\"auto\" data-pho=\"auto\" data-pco=\"auto\" data-loop=\"false\" data-height=\"650\" data-min-height=\"\" data-arrows=\"false\" data-bullets=\"false\" data-bullet_style=\"see_through\" data-bullet_position=\"bottom\" data-desktop-swipe=\"false\" data-settings=\"\"> <div class=\"swiper-wrapper\"><div class=\"swiper-slide\" data-desktop-content-width=\"auto\" data-tablet-content-width=\"auto\" data-bg-alignment=\"center\" data-color-scheme=\"light\" data-x-pos=\"left\" data-y-pos=\"middle\" ><div class=\"slide-bg-wrap\"><div class=\"image-bg\" style=\"background-image: url(https:\/\/pompeachaleur-tpc91.fr\/wp-content\/uploads\/2025\/02\/POMPE-A-CHALEUR-min-scaled.jpg);\"> &nbsp; <\/div><\/div><div class=\"video-texture \"> <span class=\"ie-fix\"><\/span> <\/div><\/div> <!--\/swiper-slide--><\/div><div class=\"nectar-slider-loading \"> <span class=\"loading-icon none\">   <\/span> <\/div> <\/div> \r\n\t\t\t\t\t\r\n\t\t\t\t\t<\/div>[vc_column_text css=\u00a0\u00bb.vc_custom_1739290054839{padding-bottom: 10px !important;}\u00a0\u00bb]\n<h2><span style=\"color: #000000;\">Pompe \u00e0 chaleur<\/span><\/h2>\n[\/vc_column_text][divider line_type=\u00a0\u00bbSmall Line\u00a0\u00bb line_alignment=\u00a0\u00bbdefault\u00a0\u00bb line_thickness=\u00a0\u00bb3&Prime; divider_color=\u00a0\u00bbextra-color-1&Prime; animate=\u00a0\u00bbyes\u00a0\u00bb custom_height=\u00a0\u00bb30&Prime; custom_line_width=\u00a0\u00bb120&Prime; delay=\u00a0\u00bb100&Prime;][vc_column_text]\n<h3><span style=\"color: #007bc4;\">PAC AIR\/AIR<\/span><\/h3>\n<p><span style=\"color: black;\">La pompe \u00e0 chaleur\u00a0<strong>AIR<\/strong><strong>&#8211;<\/strong><strong>AIR<\/strong>\u00a0capte les calories pr\u00e9sentes dans l\u2019air ext\u00e9rieur pour les transformer en chaleur afin de chauffer l\u2019int\u00e9rieur de votre logement. Ce syst\u00e8me permet \u00e9galement de rafra\u00eechir votre espace pendant l&rsquo;\u00e9t\u00e9 gr\u00e2ce \u00e0 un syst\u00e8me de <strong>climatisation<\/strong>, offrant une solution tout-en-un pour votre confort thermique. <strong>Rapide<\/strong> <strong>\u00e0<\/strong> <strong>installer<\/strong> <strong>et<\/strong> <strong>\u00e9conome<\/strong> <strong>en<\/strong> <strong>\u00e9nergie<\/strong>, la <strong>pompe<\/strong> <strong>\u00e0<\/strong> <strong>chaleur<\/strong> <strong>AIR<\/strong><strong>&#8211;<\/strong><strong>AIR<\/strong> est id\u00e9ale pour les maisons et appartements qui ne sont pas \u00e9quip\u00e9s de chauffage centrale. Elle est particuli\u00e8rement avantageuse pour r\u00e9duire vos factures d\u2019\u00e9nergie tout en respectant l\u2019environnement.<br \/>\n<span style=\"color: black;\"><br \/>\nCertifi\u00e9 <strong>RGE<\/strong><strong>, <\/strong><strong>QualiPAC<\/strong> et <strong>PG<\/strong> <strong>Gaz<\/strong> <strong>installation et maintenance<\/strong>, <strong>TPC 91<\/strong> vous accompagne dans vos projets de r\u00e9novation \u00e9nerg\u00e9tique en vous garantissant l&rsquo;acc\u00e8s aux <strong>aides<\/strong> <strong>gouvernementales<\/strong>. Nous collaborons \u00e9galement avec des entreprises sp\u00e9cialis\u00e9es en <strong>r\u00e9novation<\/strong> <strong>\u00e9nerg\u00e9tique<\/strong> <strong>globale<\/strong> pour vous offrir des <strong>solutions<\/strong> <strong>compl\u00e8tes<\/strong> <strong>et<\/strong> <strong>performantes<\/strong>.[\/vc_column_text][vc_column_text]<\/span><\/span><\/p>\n<h3><span style=\"color: #007bc4;\">PAC AIR\/EAU<\/span><\/h3>\n<p><span style=\"color: black;\">La pompe \u00e0 chaleur\u00a0<strong>AIR<\/strong><strong>&#8211;<\/strong><strong>EAU<\/strong>\u00a0fonctionne de la m\u00eame mani\u00e8re que la AIR-AIR, mais au lieu de diffuser la chaleur directement dans l\u2019air, elle la <strong>transf\u00e8re<\/strong> <strong>sur le<\/strong> <strong>circuit<\/strong> <strong>de chauffage de votre ancienne chaudi\u00e8re<\/strong>. Cette eau peut ensuite \u00eatre utilis\u00e9e pour alimenter un chauffage central, un plancher chauffant ou un chauffe-eau. Id\u00e9ale pour les foyers n\u00e9cessitant un syst\u00e8me de chauffage complet, la <strong>pompe<\/strong> <strong>\u00e0<\/strong> <strong>chaleur<\/strong> <strong>AIR<\/strong><strong>&#8211;<\/strong><strong>EAU<\/strong> offre une performance optimale et une grande flexibilit\u00e9, tout en \u00e9tant plus <strong>\u00e9conomique<\/strong> <strong>et<\/strong> <strong>\u00e9cologique<\/strong> que les chauffages traditionnels.<br \/>\n<span style=\"color: black;\"><br \/>\nCertifi\u00e9 <strong>RGE<\/strong><strong>, <\/strong><strong>QualiPAC<\/strong> et <strong>PG<\/strong> <strong>Gaz<\/strong> <strong>installation et maintenance<\/strong>, <strong>TPC 91<\/strong> vous accompagne dans vos projets de r\u00e9novation \u00e9nerg\u00e9tique en vous garantissant l&rsquo;acc\u00e8s aux <strong>aides<\/strong> <strong>gouvernementales<\/strong>. Nous collaborons \u00e9galement avec des entreprises sp\u00e9cialis\u00e9es en <strong>r\u00e9novation<\/strong> <strong>\u00e9nerg\u00e9tique<\/strong> <strong>globale<\/strong> pour vous offrir des <strong>solutions<\/strong> <strong>compl\u00e8tes<\/strong> <strong>et<\/strong> <strong>performantes<\/strong>.[\/vc_column_text][\/vc_column][\/vc_row][vc_row type=\u00a0\u00bbin_container\u00a0\u00bb full_screen_row_position=\u00a0\u00bbmiddle\u00a0\u00bb column_margin=\u00a0\u00bbdefault\u00a0\u00bb column_direction=\u00a0\u00bbdefault\u00a0\u00bb column_direction_tablet=\u00a0\u00bbdefault\u00a0\u00bb column_direction_phone=\u00a0\u00bbdefault\u00a0\u00bb scene_position=\u00a0\u00bbcenter\u00a0\u00bb text_color=\u00a0\u00bbdark\u00a0\u00bb text_align=\u00a0\u00bbleft\u00a0\u00bb row_border_radius=\u00a0\u00bbnone\u00a0\u00bb row_border_radius_applies=\u00a0\u00bbbg\u00a0\u00bb overlay_strength=\u00a0\u00bb0.3&Prime; gradient_direction=\u00a0\u00bbleft_to_right\u00a0\u00bb shape_divider_position=\u00a0\u00bbbottom\u00a0\u00bb bg_image_animation=\u00a0\u00bbnone\u00a0\u00bb][vc_column column_padding=\u00a0\u00bbno-extra-padding\u00a0\u00bb column_padding_tablet=\u00a0\u00bbinherit\u00a0\u00bb column_padding_phone=\u00a0\u00bbinherit\u00a0\u00bb column_padding_position=\u00a0\u00bball\u00a0\u00bb column_element_spacing=\u00a0\u00bbdefault\u00a0\u00bb background_color_opacity=\u00a0\u00bb1&Prime; background_hover_color_opacity=\u00a0\u00bb1&Prime; column_shadow=\u00a0\u00bbnone\u00a0\u00bb column_border_radius=\u00a0\u00bbnone\u00a0\u00bb column_link_target=\u00a0\u00bb_self\u00a0\u00bb gradient_direction=\u00a0\u00bbleft_to_right\u00a0\u00bb overlay_strength=\u00a0\u00bb0.3&Prime; width=\u00a0\u00bb1\/1&Prime; tablet_width_inherit=\u00a0\u00bbdefault\u00a0\u00bb tablet_text_alignment=\u00a0\u00bbdefault\u00a0\u00bb phone_text_alignment=\u00a0\u00bbdefault\u00a0\u00bb bg_image_animation=\u00a0\u00bbnone\u00a0\u00bb border_type=\u00a0\u00bbsimple\u00a0\u00bb column_border_width=\u00a0\u00bbnone\u00a0\u00bb column_border_style=\u00a0\u00bbsolid\u00a0\u00bb][vc_column_text]<\/span><\/span>[\/vc_column_text][\/vc_column][\/vc_row]\n","protected":false},"excerpt":{"rendered":"<p>[vc_row type=\u00a0\u00bbfull_width_background\u00a0\u00bb full_screen_row_position=\u00a0\u00bbmiddle\u00a0\u00bb column_margin=\u00a0\u00bbdefault\u00a0\u00bb column_direction=\u00a0\u00bbdefault\u00a0\u00bb column_direction_tablet=\u00a0\u00bbdefault\u00a0\u00bb column_direction_phone=\u00a0\u00bbdefault\u00a0\u00bb scene_position=\u00a0\u00bbcenter\u00a0\u00bb constrain_group_1=\u00a0\u00bbyes\u00a0\u00bb text_color=\u00a0\u00bblight\u00a0\u00bb text_align=\u00a0\u00bbleft\u00a0\u00bb row_border_radius=\u00a0\u00bbnone\u00a0\u00bb row_border_radius_applies=\u00a0\u00bbbg\u00a0\u00bb overlay_strength=\u00a0\u00bb0.3&Prime; gradient_direction=\u00a0\u00bbleft_to_right\u00a0\u00bb shape_divider_position=\u00a0\u00bbbottom\u00a0\u00bb bg_image_animation=\u00a0\u00bbnone\u00a0\u00bb shape_type=\u00a0\u00bb\u00a0\u00bb][vc_column column_padding=\u00a0\u00bbno-extra-padding\u00a0\u00bb column_padding_tablet=\u00a0\u00bbinherit\u00a0\u00bb column_padding_phone=\u00a0\u00bbinherit\u00a0\u00bb column_padding_position=\u00a0\u00bball\u00a0\u00bb column_element_spacing=\u00a0\u00bbdefault\u00a0\u00bb background_color_opacity=\u00a0\u00bb1&Prime; background_hover_color_opacity=\u00a0\u00bb1&Prime;&#8230;<\/p>\n","protected":false},"author":1,"featured_media":0,"parent":0,"menu_order":0,"comment_status":"closed","ping_status":"closed","template":"","meta":{"footnotes":""},"class_list":["post-5868","page","type-page","status-publish"],"_links":{"self":[{"href":"https:\/\/pompeachaleur-tpc91.fr\/index.php?rest_route=\/wp\/v2\/pages\/5868","targetHints":{"allow":["GET"]}}],"collection":[{"href":"https:\/\/pompeachaleur-tpc91.fr\/index.php?rest_route=\/wp\/v2\/pages"}],"about":[{"href":"https:\/\/pompeachaleur-tpc91.fr\/index.php?rest_route=\/wp\/v2\/types\/page"}],"author":[{"embeddable":true,"href":"https:\/\/pompeachaleur-tpc91.fr\/index.php?rest_route=\/wp\/v2\/users\/1"}],"replies":[{"embeddable":true,"href":"https:\/\/pompeachaleur-tpc91.fr\/index.php?rest_route=%2Fwp%2Fv2%2Fcomments&post=5868"}],"version-history":[{"count":67,"href":"https:\/\/pompeachaleur-tpc91.fr\/index.php?rest_route=\/wp\/v2\/pages\/5868\/revisions"}],"predecessor-version":[{"id":6741,"href":"https:\/\/pompeachaleur-tpc91.fr\/index.php?rest_route=\/wp\/v2\/pages\/5868\/revisions\/6741"}],"wp:attachment":[{"href":"https:\/\/pompeachaleur-tpc91.fr\/index.php?rest_route=%2Fwp%2Fv2%2Fmedia&parent=5868"}],"curies":[{"name":"wp","href":"https:\/\/api.w.org\/{rel}","templated":true}]}}