{"id":6136,"date":"2023-01-16T12:34:01","date_gmt":"2023-01-16T12:34:01","guid":{"rendered":"https:\/\/sad-shockley.54-36-183-106.plesk.page\/?page_id=6136"},"modified":"2025-02-11T15:57:41","modified_gmt":"2025-02-11T15:57:41","slug":"nos-services","status":"publish","type":"page","link":"https:\/\/pompeachaleur-tpc91.fr\/?page_id=6136","title":{"rendered":"SAV"},"content":{"rendered":"[vc_row type=\u00a0\u00bbfull_width_background\u00a0\u00bb full_screen_row_position=\u00a0\u00bbmiddle\u00a0\u00bb column_margin=\u00a0\u00bbnone\u00a0\u00bb column_direction=\u00a0\u00bbdefault\u00a0\u00bb column_direction_tablet=\u00a0\u00bbdefault\u00a0\u00bb column_direction_phone=\u00a0\u00bbdefault\u00a0\u00bb scene_position=\u00a0\u00bbcenter\u00a0\u00bb text_color=\u00a0\u00bbdark\u00a0\u00bb text_align=\u00a0\u00bbleft\u00a0\u00bb row_border_radius=\u00a0\u00bbnone\u00a0\u00bb row_border_radius_applies=\u00a0\u00bbbg\u00a0\u00bb overlay_strength=\u00a0\u00bb0.3&Prime; gradient_direction=\u00a0\u00bbleft_to_right\u00a0\u00bb shape_divider_position=\u00a0\u00bbbottom\u00a0\u00bb bg_image_animation=\u00a0\u00bbnone\u00a0\u00bb shape_type=\u00a0\u00bb\u00a0\u00bb][vc_column column_padding=\u00a0\u00bbno-extra-padding\u00a0\u00bb column_padding_tablet=\u00a0\u00bbinherit\u00a0\u00bb column_padding_phone=\u00a0\u00bbinherit\u00a0\u00bb column_padding_position=\u00a0\u00bball\u00a0\u00bb column_element_spacing=\u00a0\u00bbdefault\u00a0\u00bb background_color_opacity=\u00a0\u00bb1&Prime; background_hover_color_opacity=\u00a0\u00bb1&Prime; column_shadow=\u00a0\u00bbnone\u00a0\u00bb column_border_radius=\u00a0\u00bbnone\u00a0\u00bb column_link_target=\u00a0\u00bb_self\u00a0\u00bb gradient_direction=\u00a0\u00bbleft_to_right\u00a0\u00bb overlay_strength=\u00a0\u00bb0.3&Prime; width=\u00a0\u00bb1\/1&Prime; tablet_width_inherit=\u00a0\u00bbdefault\u00a0\u00bb tablet_text_alignment=\u00a0\u00bbdefault\u00a0\u00bb phone_text_alignment=\u00a0\u00bbdefault\u00a0\u00bb bg_image_animation=\u00a0\u00bbnone\u00a0\u00bb border_type=\u00a0\u00bbsimple\u00a0\u00bb column_border_width=\u00a0\u00bbnone\u00a0\u00bb column_border_style=\u00a0\u00bbsolid\u00a0\u00bb][\/vc_column][\/vc_row][vc_row type=\u00a0\u00bbin_container\u00a0\u00bb full_screen_row_position=\u00a0\u00bbmiddle\u00a0\u00bb column_margin=\u00a0\u00bbdefault\u00a0\u00bb column_direction=\u00a0\u00bbdefault\u00a0\u00bb column_direction_tablet=\u00a0\u00bbdefault\u00a0\u00bb column_direction_phone=\u00a0\u00bbdefault\u00a0\u00bb scene_position=\u00a0\u00bbcenter\u00a0\u00bb text_color=\u00a0\u00bbdark\u00a0\u00bb text_align=\u00a0\u00bbleft\u00a0\u00bb row_border_radius=\u00a0\u00bbnone\u00a0\u00bb row_border_radius_applies=\u00a0\u00bbbg\u00a0\u00bb overlay_strength=\u00a0\u00bb0.3&Prime; gradient_direction=\u00a0\u00bbleft_to_right\u00a0\u00bb shape_divider_position=\u00a0\u00bbbottom\u00a0\u00bb bg_image_animation=\u00a0\u00bbnone\u00a0\u00bb][vc_column column_padding=\u00a0\u00bbno-extra-padding\u00a0\u00bb column_padding_tablet=\u00a0\u00bbinherit\u00a0\u00bb column_padding_phone=\u00a0\u00bbinherit\u00a0\u00bb column_padding_position=\u00a0\u00bball\u00a0\u00bb column_element_spacing=\u00a0\u00bbdefault\u00a0\u00bb background_color_opacity=\u00a0\u00bb1&Prime; background_hover_color_opacity=\u00a0\u00bb1&Prime; column_shadow=\u00a0\u00bbnone\u00a0\u00bb column_border_radius=\u00a0\u00bbnone\u00a0\u00bb column_link_target=\u00a0\u00bb_self\u00a0\u00bb gradient_direction=\u00a0\u00bbleft_to_right\u00a0\u00bb overlay_strength=\u00a0\u00bb0.3&Prime; width=\u00a0\u00bb1\/1&Prime; tablet_width_inherit=\u00a0\u00bbdefault\u00a0\u00bb tablet_text_alignment=\u00a0\u00bbdefault\u00a0\u00bb phone_text_alignment=\u00a0\u00bbdefault\u00a0\u00bb bg_image_animation=\u00a0\u00bbnone\u00a0\u00bb border_type=\u00a0\u00bbsimple\u00a0\u00bb column_border_width=\u00a0\u00bbnone\u00a0\u00bb column_border_style=\u00a0\u00bbsolid\u00a0\u00bb]<style type=\"text\/css\">@media only screen and (min-width: 1300px) { #nectar-slider-instance-1, #nectar-slider-instance-1 .swiper-container { height: 650px; }  } @media only screen and (max-width: 1299px) { #nectar-slider-instance-1, #nectar-slider-instance-1 .swiper-container { height: 541.66666666667px; }  } @media only screen and (max-width: 1000px) { #nectar-slider-instance-1, #nectar-slider-instance-1 .swiper-container { height: 464.28571428571px; }  } @media only screen and (max-width: 690px) { #nectar-slider-instance-1, #nectar-slider-instance-1 .swiper-container { height: 240.74074074074px; }  } <\/style><div  data-transition=\"slide\" data-overall_style=\"classic\" data-flexible-height=\"\" data-animate-in-effect=\"zoom-out\" data-fullscreen=\"false\" data-button-sizing=\"regular\" data-button-styling=\"btn_with_count\" data-autorotate=\"\" data-parallax=\"false\" data-parallax-disable-mobile=\"\" data-caption-trans=\"fade_in_from_bottom\" data-parallax-style=\"bg_only\" data-bg-animation=\"none\" data-full-width=\"true\" class=\"nectar-slider-wrap \" id=\"nectar-slider-instance-1\"><div class=\"swiper-container\"  data-tho=\"auto\" data-tco=\"auto\" data-pho=\"auto\" data-pco=\"auto\" data-loop=\"false\" data-height=\"650\" data-min-height=\"\" data-arrows=\"false\" data-bullets=\"false\" data-bullet_style=\"see_through\" data-bullet_position=\"bottom\" data-desktop-swipe=\"false\" data-settings=\"\"> <div class=\"swiper-wrapper\"><div class=\"swiper-slide\" data-desktop-content-width=\"auto\" data-tablet-content-width=\"auto\" data-bg-alignment=\"center\" data-color-scheme=\"light\" data-x-pos=\"left\" data-y-pos=\"middle\" ><div class=\"slide-bg-wrap\"><div class=\"image-bg\" style=\"background-image: url(https:\/\/pompeachaleur-tpc91.fr\/wp-content\/uploads\/2025\/02\/SAV-min.png);\"> &nbsp; <\/div><\/div><div class=\"video-texture \"> <span class=\"ie-fix\"><\/span> <\/div><\/div> <!--\/swiper-slide--><\/div><div class=\"nectar-slider-loading \"> <span class=\"loading-icon none\">   <\/span> <\/div> <\/div> \r\n\t\t\t\t\t\r\n\t\t\t\t\t<\/div>[nectar_highlighted_text color_type=\u00a0\u00bbregular\u00a0\u00bb style=\u00a0\u00bbfull_text\u00a0\u00bb highlight_expansion=\u00a0\u00bbdefault\u00a0\u00bb]<strong>Le suivi <\/strong><strong>TPC<\/strong><strong> 91<\/strong><strong> via un carnet d\u2019entretien<\/strong><\/p>\n<p>Optimisez la performance et la long\u00e9vit\u00e9 de vos \u00e9quipements de chauffage, comme les pompes \u00e0 chaleur et les chaudi\u00e8res, gr\u00e2ce \u00e0 un carnet d&rsquo;entretien sp\u00e9cialement con\u00e7u pour cela. Ce suivi personnalis\u00e9 vous permet de maximiser l&rsquo;efficacit\u00e9 de vos installations tout en garantissant une tranquillit\u00e9 d&rsquo;esprit \u00e0 long terme. Voici les avantages cl\u00e9s :<\/p>\n<p>&nbsp;<\/p>\n<ol>\n<li><strong>Efficacit\u00e9<\/strong> <strong>optimale<\/strong>: Un carnet d&rsquo;entretien bien tenu assure que toutes les op\u00e9rations de maintenance r\u00e9guli\u00e8res sont effectu\u00e9es, permettant ainsi \u00e0 vos syst\u00e8mes de fonctionner \u00e0 leur capacit\u00e9 maximale, tout en r\u00e9duisant vos consommations \u00e9nerg\u00e9tiques et vos d\u00e9penses sur le long terme.<\/li>\n<li><strong>Pr\u00e9vention<\/strong> <strong>des<\/strong> <strong>pannes<\/strong>: Gr\u00e2ce \u00e0 un suivi rigoureux et des v\u00e9rifications r\u00e9guli\u00e8res, chaque intervention est enregistr\u00e9e, permettant d\u2019identifier les \u00e9ventuels probl\u00e8mes avant qu&rsquo;ils ne se transforment en pannes majeures. Cela garantit une fiabilit\u00e9 accrue et \u00e9vite des interruptions inattendues.<\/li>\n<li><strong>Prolongation<\/strong> <strong>de<\/strong> <strong>la<\/strong> <strong>dur\u00e9e<\/strong> <strong>de<\/strong> <strong>vie<\/strong>: Un entretien continu et document\u00e9 pr\u00e9serve la performance de vos \u00e9quipements. Votre pompe \u00e0 chaleur ainsi que votre chaudi\u00e8re b\u00e9n\u00e9ficieront d&rsquo;une dur\u00e9e de vie prolong\u00e9e, ce qui repr\u00e9sente un investissement judicieux et durable pour votre maison.<\/li>\n<li><strong>Maintien<\/strong> <strong>de<\/strong> <strong>la<\/strong> <strong>garantie<\/strong>: Pour de nombreux fabricants, ainsi que pour votre assurance, un entretien r\u00e9gulier est requis pour maintenir la validit\u00e9 de la garantie. Avec le carnet d&rsquo;entretien fourni par\u00a0<strong>TPC<\/strong><strong> 91<\/strong>, vous prot\u00e9gez vos droits en cas de besoin de r\u00e9parations couvertes.<\/li>\n<li><strong>Tra\u00e7abilit\u00e9<\/strong> <strong>simplifi\u00e9e<\/strong>: Un suivi d\u00e9taill\u00e9 permet de garder une trace claire des entretiens r\u00e9alis\u00e9s, facilitant ainsi la communication avec\u00a0<strong>TPC<\/strong><strong> 91<\/strong>\u00a0lors des visites de maintenance, et acc\u00e9l\u00e9rant ainsi les d\u00e9marches tout en \u00e9vitant toute confusion.<\/li>\n<li><strong>Valorisation<\/strong> <strong>de<\/strong> <strong>votre<\/strong> <strong>bien<\/strong>: Si vous envisagez de vendre votre maison, un carnet d&rsquo;entretien complet et \u00e0 jour prouve que vous avez pris soin de vos syst\u00e8mes de chauffage. Cela peut augmenter la valeur per\u00e7ue de votre propri\u00e9t\u00e9 et rassurer les potentiels acheteurs.<\/li>\n<li><strong>Confort<\/strong> <strong>constant<\/strong>: En veillant \u00e0 ce que vos installations soient toujours en parfait \u00e9tat, vous garantissez un confort thermique optimal pour votre famille, sans fluctuations de temp\u00e9rature d\u00e9sagr\u00e9ables ni risques de pannes inopin\u00e9es.<\/li>\n<\/ol>\n<p>Investissez dans la durabilit\u00e9 de vos \u00e9quipements en mettant en place un carnet d&rsquo;entretien avec\u00a0<strong>TPC<\/strong><strong> 91<\/strong>. Gr\u00e2ce \u00e0 une gestion r\u00e9guli\u00e8re et rigoureuse, vous profitez de syst\u00e8mes plus efficaces, d&rsquo;\u00e9conomies d&rsquo;\u00e9nergie, et d&rsquo;un confort durable pour vous et vos proches.[\/nectar_highlighted_text][\/vc_column][\/vc_row]\n","protected":false},"excerpt":{"rendered":"<p>[vc_row type=\u00a0\u00bbfull_width_background\u00a0\u00bb full_screen_row_position=\u00a0\u00bbmiddle\u00a0\u00bb column_margin=\u00a0\u00bbnone\u00a0\u00bb column_direction=\u00a0\u00bbdefault\u00a0\u00bb column_direction_tablet=\u00a0\u00bbdefault\u00a0\u00bb column_direction_phone=\u00a0\u00bbdefault\u00a0\u00bb scene_position=\u00a0\u00bbcenter\u00a0\u00bb text_color=\u00a0\u00bbdark\u00a0\u00bb text_align=\u00a0\u00bbleft\u00a0\u00bb row_border_radius=\u00a0\u00bbnone\u00a0\u00bb row_border_radius_applies=\u00a0\u00bbbg\u00a0\u00bb overlay_strength=\u00a0\u00bb0.3&Prime; gradient_direction=\u00a0\u00bbleft_to_right\u00a0\u00bb shape_divider_position=\u00a0\u00bbbottom\u00a0\u00bb bg_image_animation=\u00a0\u00bbnone\u00a0\u00bb shape_type=\u00a0\u00bb\u00a0\u00bb][vc_column column_padding=\u00a0\u00bbno-extra-padding\u00a0\u00bb column_padding_tablet=\u00a0\u00bbinherit\u00a0\u00bb column_padding_phone=\u00a0\u00bbinherit\u00a0\u00bb column_padding_position=\u00a0\u00bball\u00a0\u00bb column_element_spacing=\u00a0\u00bbdefault\u00a0\u00bb background_color_opacity=\u00a0\u00bb1&Prime; background_hover_color_opacity=\u00a0\u00bb1&Prime; column_shadow=\u00a0\u00bbnone\u00a0\u00bb&#8230;<\/p>\n","protected":false},"author":1,"featured_media":0,"parent":0,"menu_order":0,"comment_status":"closed","ping_status":"closed","template":"","meta":{"footnotes":""},"class_list":["post-6136","page","type-page","status-publish"],"_links":{"self":[{"href":"https:\/\/pompeachaleur-tpc91.fr\/index.php?rest_route=\/wp\/v2\/pages\/6136","targetHints":{"allow":["GET"]}}],"collection":[{"href":"https:\/\/pompeachaleur-tpc91.fr\/index.php?rest_route=\/wp\/v2\/pages"}],"about":[{"href":"https:\/\/pompeachaleur-tpc91.fr\/index.php?rest_route=\/wp\/v2\/types\/page"}],"author":[{"embeddable":true,"href":"https:\/\/pompeachaleur-tpc91.fr\/index.php?rest_route=\/wp\/v2\/users\/1"}],"replies":[{"embeddable":true,"href":"https:\/\/pompeachaleur-tpc91.fr\/index.php?rest_route=%2Fwp%2Fv2%2Fcomments&post=6136"}],"version-history":[{"count":48,"href":"https:\/\/pompeachaleur-tpc91.fr\/index.php?rest_route=\/wp\/v2\/pages\/6136\/revisions"}],"predecessor-version":[{"id":6144,"href":"https:\/\/pompeachaleur-tpc91.fr\/index.php?rest_route=\/wp\/v2\/pages\/6136\/revisions\/6144"}],"wp:attachment":[{"href":"https:\/\/pompeachaleur-tpc91.fr\/index.php?rest_route=%2Fwp%2Fv2%2Fmedia&parent=6136"}],"curies":[{"name":"wp","href":"https:\/\/api.w.org\/{rel}","templated":true}]}}